{"id":57,"date":"2011-08-22T19:30:11","date_gmt":"2011-08-23T01:30:11","guid":{"rendered":"https:\/\/blog.denpaul.ca\/?page_id=57"},"modified":"2015-11-30T08:26:06","modified_gmt":"2015-11-30T14:26:06","slug":"57-2","status":"publish","type":"page","link":"https:\/\/blog.denpaul.ca\/?page_id=57","title":{"rendered":"SARRC"},"content":{"rendered":"<p>Used Oil &#8211; Recycling and Proper Disposal<\/p>\n<p><a href=\"http:\/\/usedoilrecycling.com\/\">SARRC<\/a><br \/>\n(Saskatchewan Association for Resource Recovery Corp.) is a non-profit organization incorporated under The Non-profit Corporations Act of Saskatchewan. It was formed February 12, 1996 by manufacturers and marketers of oil products in Saskatchewan and is managed by a Board of Directors comprised of industry and public representatives. Its mandate is to develop, implement and maintain a single, cost-effective, province-wide Used Oil Materials Recycling Program for used oil, used oil filters and used oil containers on behalf of its members.<\/p>\n<p>Membership in SARRC is for first sellers, the person who first sells oil or filters in Saskatchewan and includes a person who brings oil and filters into Saskatchewan for use in a commercial enterprise.<\/p>\n<p>SARRC has adopted an overall strategy based on recommendations from the Western Canadian Used Oil\/Container\/Filter Task Force which developed a policy platform and guiding principles for use across the western provinces. SARRC is maximizing commonality of its Program with that of the\u00a0British Columbia Used Oil Management Association (BCUOMA), Alberta Used Oil Management Association (AUOMA), Manitoba Association for Resource Recovery Corp. (MARRC) and the Soci\u00e9t\u00e9 de Gestion des Huiles Usag\u00e9es (SOGHU.<\/p>\n<p>The SARRC program reflects Saskatchewan&#8217;s Waste Management Advisory Group principles that consumers, industry and government share responsibility for eliminating negative environmental impacts of used oil materials and for making the Program viable.<\/p>\n<p>Drop Off Locations in Regina<\/p>\n<p>Canadian Tire<br \/>\nCapital Pontiac Buick GMC<br \/>\nEnviro-Gun Ltd<br \/>\nFountain Tire &#8211; Albert N<br \/>\nNewalta Corp &#8211; Regina<br \/>\nRegina Muffler &amp; Brake Centre<br \/>\nSaskatchewan Association of Rehabilitation Centres (2)<br \/>\nTiotan Automotive of Regina<br \/>\nShort Stop Auto Repair<br \/>\nWal-Mart<br \/>\nWheaton Chev Oldsmobile<\/p>\n<div class=\"sharedaddy sd-sharing-enabled\"><div class=\"robots-nocontent sd-block sd-social sd-social-icon-text sd-sharing\"><h3 class=\"sd-title\">Share this:<\/h3><div class=\"sd-content\"><ul><li class=\"share-facebook\"><a rel=\"nofollow noopener noreferrer\" data-shared=\"sharing-facebook-57\" class=\"share-facebook sd-button share-icon\" href=\"https:\/\/blog.denpaul.ca\/?page_id=57&amp;share=facebook\" target=\"_blank\" title=\"Click to share on Facebook\"><span>Facebook<\/span><\/a><\/li><li class=\"share-print\"><a rel=\"nofollow noopener noreferrer\" data-shared=\"\" class=\"share-print sd-button share-icon\" href=\"https:\/\/blog.denpaul.ca\/?page_id=57\" target=\"_blank\" title=\"Click to print\"><span>Print<\/span><\/a><\/li><li class=\"share-end\"><\/li><\/ul><\/div><\/div><\/div>","protected":false},"excerpt":{"rendered":"<p>Used Oil &#8211; Recycling and Proper Disposal SARRC (Saskatchewan Association for Resource Recovery Corp.) is a non-profit organization incorporated under The Non-profit Corporations Act of Saskatchewan. It was formed February 12, 1996 by manufacturers and marketers of oil products in Saskatchewan and is managed by a Board of Directors comprised of industry and public representatives.<\/p>\n<div class=\"sharedaddy sd-sharing-enabled\"><div class=\"robots-nocontent sd-block sd-social sd-social-icon-text sd-sharing\"><h3 class=\"sd-title\">Share this:<\/h3><div class=\"sd-content\"><ul><li class=\"share-facebook\"><a rel=\"nofollow noopener noreferrer\" data-shared=\"sharing-facebook-57\" class=\"share-facebook sd-button share-icon\" href=\"https:\/\/blog.denpaul.ca\/?page_id=57&amp;share=facebook\" target=\"_blank\" title=\"Click to share on Facebook\"><span>Facebook<\/span><\/a><\/li><li class=\"share-print\"><a rel=\"nofollow noopener noreferrer\" data-shared=\"\" class=\"share-print sd-button share-icon\" href=\"https:\/\/blog.denpaul.ca\/?page_id=57\" target=\"_blank\" title=\"Click to print\"><span>Print<\/span><\/a><\/li><li class=\"share-end\"><\/li><\/ul><\/div><\/div><\/div>","protected":false},"author":1,"featured_media":0,"parent":22,"menu_order":0,"comment_status":"closed","ping_status":"closed","template":"","meta":{"spay_email":""},"aioseo_notices":[],"jetpack_shortlink":"https:\/\/wp.me\/P1NouO-V","jetpack_sharing_enabled":true,"jetpack_likes_enabled":true,"_links":{"self":[{"href":"https:\/\/blog.denpaul.ca\/index.php?rest_route=\/wp\/v2\/pages\/57"}],"collection":[{"href":"https:\/\/blog.denpaul.ca\/index.php?rest_route=\/wp\/v2\/pages"}],"about":[{"href":"https:\/\/blog.denpaul.ca\/index.php?rest_route=\/wp\/v2\/types\/page"}],"author":[{"embeddable":true,"href":"https:\/\/blog.denpaul.ca\/index.php?rest_route=\/wp\/v2\/users\/1"}],"replies":[{"embeddable":true,"href":"https:\/\/blog.denpaul.ca\/index.php?rest_route=%2Fwp%2Fv2%2Fcomments&post=57"}],"version-history":[{"count":4,"href":"https:\/\/blog.denpaul.ca\/index.php?rest_route=\/wp\/v2\/pages\/57\/revisions"}],"predecessor-version":[{"id":793,"href":"https:\/\/blog.denpaul.ca\/index.php?rest_route=\/wp\/v2\/pages\/57\/revisions\/793"}],"up":[{"embeddable":true,"href":"https:\/\/blog.denpaul.ca\/index.php?rest_route=\/wp\/v2\/pages\/22"}],"wp:attachment":[{"href":"https:\/\/blog.denpaul.ca\/index.php?rest_route=%2Fwp%2Fv2%2Fmedia&parent=57"}],"curies":[{"name":"wp","href":"https:\/\/api.w.org\/{rel}","templated":true}]}}